{"id":18006,"date":"2022-09-06T16:30:22","date_gmt":"2022-09-06T13:30:22","guid":{"rendered":"https:\/\/home7zones.eu\/sisekujundaja-hinnakiri-en\/"},"modified":"2023-06-27T23:54:33","modified_gmt":"2023-06-27T20:54:33","slug":"interior-designer-price-list","status":"publish","type":"page","link":"https:\/\/www.home7zones.eu\/en\/interior-designer-price-list\/","title":{"rendered":"Interior designer price list"},"content":{"rendered":"","protected":false},"excerpt":{"rendered":"","protected":false},"author":5,"featured_media":0,"parent":0,"menu_order":0,"comment_status":"closed","ping_status":"closed","template":"","meta":{"advgb_blocks_editor_width":"","advgb_blocks_columns_visual_guide":"","footnotes":""},"class_list":["post-18006","page","type-page","status-publish","hentry"],"yoast_head":"<!-- This site is optimized with the Yoast SEO plugin v24.5 - https:\/\/yoast.com\/wordpress\/plugins\/seo\/ -->\n<title>Interior designer price list - Ruumide sisekujundus ja remont<\/title>\n<meta name=\"robots\" content=\"index, follow, max-snippet:-1, max-image-preview:large, max-video-preview:-1\" \/>\n<link rel=\"canonical\" href=\"https:\/\/www.home7zones.eu\/en\/interior-designer-price-list\/\" \/>\n<meta property=\"og:locale\" content=\"en_US\" \/>\n<meta property=\"og:type\" content=\"article\" \/>\n<meta property=\"og:title\" content=\"Interior designer price list - Ruumide sisekujundus ja remont\" \/>\n<meta property=\"og:url\" content=\"https:\/\/www.home7zones.eu\/en\/interior-designer-price-list\/\" \/>\n<meta property=\"og:site_name\" content=\"Ruumide sisekujundus ja remont\" \/>\n<meta property=\"article:publisher\" content=\"https:\/\/www.facebook.com\/Home7zones.eu\/\" \/>\n<meta property=\"article:modified_time\" content=\"2023-06-27T20:54:33+00:00\" \/>\n<meta name=\"twitter:card\" content=\"summary_large_image\" \/>\n<script type=\"application\/ld+json\" class=\"yoast-schema-graph\">{\"@context\":\"https:\/\/schema.org\",\"@graph\":[{\"@type\":\"WebPage\",\"@id\":\"https:\/\/www.home7zones.eu\/en\/interior-designer-price-list\/\",\"url\":\"https:\/\/www.home7zones.eu\/en\/interior-designer-price-list\/\",\"name\":\"Interior designer price list - Ruumide sisekujundus ja remont\",\"isPartOf\":{\"@id\":\"https:\/\/www.home7zones.eu\/#website\"},\"datePublished\":\"2022-09-06T13:30:22+00:00\",\"dateModified\":\"2023-06-27T20:54:33+00:00\",\"breadcrumb\":{\"@id\":\"https:\/\/www.home7zones.eu\/en\/interior-designer-price-list\/#breadcrumb\"},\"inLanguage\":\"en-US\",\"potentialAction\":[{\"@type\":\"ReadAction\",\"target\":[\"https:\/\/www.home7zones.eu\/en\/interior-designer-price-list\/\"]}]},{\"@type\":\"BreadcrumbList\",\"@id\":\"https:\/\/www.home7zones.eu\/en\/interior-designer-price-list\/#breadcrumb\",\"itemListElement\":[{\"@type\":\"ListItem\",\"position\":1,\"name\":\"Home 7 zones\",\"item\":\"https:\/\/www.home7zones.eu\/en\/\"},{\"@type\":\"ListItem\",\"position\":2,\"name\":\"Interior designer price list\"}]},{\"@type\":\"WebSite\",\"@id\":\"https:\/\/www.home7zones.eu\/#website\",\"url\":\"https:\/\/www.home7zones.eu\/\",\"name\":\"Ruumide sisekujundus ja remont\",\"description\":\"T\u00e4ielik ruumilahendus: kujundus, ehitus- ja remondit\u00f6\u00f6d\",\"publisher\":{\"@id\":\"https:\/\/www.home7zones.eu\/#organization\"},\"potentialAction\":[{\"@type\":\"SearchAction\",\"target\":{\"@type\":\"EntryPoint\",\"urlTemplate\":\"https:\/\/www.home7zones.eu\/?s={search_term_string}\"},\"query-input\":{\"@type\":\"PropertyValueSpecification\",\"valueRequired\":true,\"valueName\":\"search_term_string\"}}],\"inLanguage\":\"en-US\"},{\"@type\":\"Organization\",\"@id\":\"https:\/\/www.home7zones.eu\/#organization\",\"name\":\"Ruumide sisekujundus ja remont\",\"url\":\"https:\/\/www.home7zones.eu\/\",\"logo\":{\"@type\":\"ImageObject\",\"inLanguage\":\"en-US\",\"@id\":\"https:\/\/www.home7zones.eu\/#\/schema\/logo\/image\/\",\"url\":\"https:\/\/home7zones.eu\/wp-content\/uploads\/2022\/08\/Home7zones-retina.png\",\"contentUrl\":\"https:\/\/home7zones.eu\/wp-content\/uploads\/2022\/08\/Home7zones-retina.png\",\"width\":370,\"height\":200,\"caption\":\"Ruumide sisekujundus ja remont\"},\"image\":{\"@id\":\"https:\/\/www.home7zones.eu\/#\/schema\/logo\/image\/\"},\"sameAs\":[\"https:\/\/www.facebook.com\/Home7zones.eu\/\"]}]}<\/script>\n<!-- \/ Yoast SEO plugin. -->","yoast_head_json":{"title":"Interior designer price list - Ruumide sisekujundus ja remont","robots":{"index":"index","follow":"follow","max-snippet":"max-snippet:-1","max-image-preview":"max-image-preview:large","max-video-preview":"max-video-preview:-1"},"canonical":"https:\/\/www.home7zones.eu\/en\/interior-designer-price-list\/","og_locale":"en_US","og_type":"article","og_title":"Interior designer price list - Ruumide sisekujundus ja remont","og_url":"https:\/\/www.home7zones.eu\/en\/interior-designer-price-list\/","og_site_name":"Ruumide sisekujundus ja remont","article_publisher":"https:\/\/www.facebook.com\/Home7zones.eu\/","article_modified_time":"2023-06-27T20:54:33+00:00","twitter_card":"summary_large_image","schema":{"@context":"https:\/\/schema.org","@graph":[{"@type":"WebPage","@id":"https:\/\/www.home7zones.eu\/en\/interior-designer-price-list\/","url":"https:\/\/www.home7zones.eu\/en\/interior-designer-price-list\/","name":"Interior designer price list - Ruumide sisekujundus ja remont","isPartOf":{"@id":"https:\/\/www.home7zones.eu\/#website"},"datePublished":"2022-09-06T13:30:22+00:00","dateModified":"2023-06-27T20:54:33+00:00","breadcrumb":{"@id":"https:\/\/www.home7zones.eu\/en\/interior-designer-price-list\/#breadcrumb"},"inLanguage":"en-US","potentialAction":[{"@type":"ReadAction","target":["https:\/\/www.home7zones.eu\/en\/interior-designer-price-list\/"]}]},{"@type":"BreadcrumbList","@id":"https:\/\/www.home7zones.eu\/en\/interior-designer-price-list\/#breadcrumb","itemListElement":[{"@type":"ListItem","position":1,"name":"Home 7 zones","item":"https:\/\/www.home7zones.eu\/en\/"},{"@type":"ListItem","position":2,"name":"Interior designer price list"}]},{"@type":"WebSite","@id":"https:\/\/www.home7zones.eu\/#website","url":"https:\/\/www.home7zones.eu\/","name":"Ruumide sisekujundus ja remont","description":"T\u00e4ielik ruumilahendus: kujundus, ehitus- ja remondit\u00f6\u00f6d","publisher":{"@id":"https:\/\/www.home7zones.eu\/#organization"},"potentialAction":[{"@type":"SearchAction","target":{"@type":"EntryPoint","urlTemplate":"https:\/\/www.home7zones.eu\/?s={search_term_string}"},"query-input":{"@type":"PropertyValueSpecification","valueRequired":true,"valueName":"search_term_string"}}],"inLanguage":"en-US"},{"@type":"Organization","@id":"https:\/\/www.home7zones.eu\/#organization","name":"Ruumide sisekujundus ja remont","url":"https:\/\/www.home7zones.eu\/","logo":{"@type":"ImageObject","inLanguage":"en-US","@id":"https:\/\/www.home7zones.eu\/#\/schema\/logo\/image\/","url":"https:\/\/home7zones.eu\/wp-content\/uploads\/2022\/08\/Home7zones-retina.png","contentUrl":"https:\/\/home7zones.eu\/wp-content\/uploads\/2022\/08\/Home7zones-retina.png","width":370,"height":200,"caption":"Ruumide sisekujundus ja remont"},"image":{"@id":"https:\/\/www.home7zones.eu\/#\/schema\/logo\/image\/"},"sameAs":["https:\/\/www.facebook.com\/Home7zones.eu\/"]}]}},"coauthors":[],"author_meta":{"author_link":"https:\/\/www.home7zones.eu\/en\/author\/steve\/","display_name":"steve"},"relative_dates":{"created":"Posted 4 years ago","modified":"Updated 3 years ago"},"absolute_dates":{"created":"Posted on September 6, 2022","modified":"Updated on June 27, 2023"},"absolute_dates_time":{"created":"Posted on September 6, 2022 4:30 pm","modified":"Updated on June 27, 2023 11:54 pm"},"featured_img_caption":"","featured_img":false,"series_order":"","_links":{"self":[{"href":"https:\/\/www.home7zones.eu\/en\/wp-json\/wp\/v2\/pages\/18006","targetHints":{"allow":["GET"]}}],"collection":[{"href":"https:\/\/www.home7zones.eu\/en\/wp-json\/wp\/v2\/pages"}],"about":[{"href":"https:\/\/www.home7zones.eu\/en\/wp-json\/wp\/v2\/types\/page"}],"author":[{"embeddable":true,"href":"https:\/\/www.home7zones.eu\/en\/wp-json\/wp\/v2\/users\/5"}],"replies":[{"embeddable":true,"href":"https:\/\/www.home7zones.eu\/en\/wp-json\/wp\/v2\/comments?post=18006"}],"version-history":[{"count":2,"href":"https:\/\/www.home7zones.eu\/en\/wp-json\/wp\/v2\/pages\/18006\/revisions"}],"predecessor-version":[{"id":18727,"href":"https:\/\/www.home7zones.eu\/en\/wp-json\/wp\/v2\/pages\/18006\/revisions\/18727"}],"wp:attachment":[{"href":"https:\/\/www.home7zones.eu\/en\/wp-json\/wp\/v2\/media?parent=18006"}],"curies":[{"name":"wp","href":"https:\/\/api.w.org\/{rel}","templated":true}]}}