{"id":18035,"date":"2019-08-21T18:05:46","date_gmt":"2019-08-21T15:05:46","guid":{"rendered":"https:\/\/home7zones.eu\/galerii-en\/"},"modified":"2022-09-28T13:49:55","modified_gmt":"2022-09-28T10:49:55","slug":"gallery","status":"publish","type":"page","link":"https:\/\/www.home7zones.eu\/en\/gallery\/","title":{"rendered":"Gallery"},"content":{"rendered":"<div class=\"wp-block-group\"><div class=\"wp-block-group__inner-container is-layout-flow wp-block-group-is-layout-flow\"><div class=\"wp-block-group\"><div class=\"wp-block-group__inner-container is-layout-flow wp-block-group-is-layout-flow\"><\/div><\/div><\/div><\/div><p><\/p>","protected":false},"excerpt":{"rendered":"","protected":false},"author":1,"featured_media":0,"parent":0,"menu_order":0,"comment_status":"closed","ping_status":"closed","template":"","meta":{"advgb_blocks_editor_width":"","advgb_blocks_columns_visual_guide":"","footnotes":""},"class_list":["post-18035","page","type-page","status-publish","hentry"],"yoast_head":"<!-- This site is optimized with the Yoast SEO plugin v24.5 - https:\/\/yoast.com\/wordpress\/plugins\/seo\/ -->\n<title>Gallery - Ruumide sisekujundus ja remont<\/title>\n<meta name=\"robots\" content=\"index, follow, max-snippet:-1, max-image-preview:large, max-video-preview:-1\" \/>\n<link rel=\"canonical\" href=\"https:\/\/www.home7zones.eu\/en\/gallery\/\" \/>\n<meta property=\"og:locale\" content=\"en_US\" \/>\n<meta property=\"og:type\" content=\"article\" \/>\n<meta property=\"og:title\" content=\"Gallery - Ruumide sisekujundus ja remont\" \/>\n<meta property=\"og:url\" content=\"https:\/\/www.home7zones.eu\/en\/gallery\/\" \/>\n<meta property=\"og:site_name\" content=\"Ruumide sisekujundus ja remont\" \/>\n<meta property=\"article:publisher\" content=\"https:\/\/www.facebook.com\/Home7zones.eu\/\" \/>\n<meta property=\"article:modified_time\" content=\"2022-09-28T10:49:55+00:00\" \/>\n<meta name=\"twitter:card\" content=\"summary_large_image\" \/>\n<script type=\"application\/ld+json\" class=\"yoast-schema-graph\">{\"@context\":\"https:\/\/schema.org\",\"@graph\":[{\"@type\":\"WebPage\",\"@id\":\"https:\/\/www.home7zones.eu\/en\/gallery\/\",\"url\":\"https:\/\/www.home7zones.eu\/en\/gallery\/\",\"name\":\"Gallery - Ruumide sisekujundus ja remont\",\"isPartOf\":{\"@id\":\"https:\/\/www.home7zones.eu\/#website\"},\"datePublished\":\"2019-08-21T15:05:46+00:00\",\"dateModified\":\"2022-09-28T10:49:55+00:00\",\"breadcrumb\":{\"@id\":\"https:\/\/www.home7zones.eu\/en\/gallery\/#breadcrumb\"},\"inLanguage\":\"en-US\",\"potentialAction\":[{\"@type\":\"ReadAction\",\"target\":[\"https:\/\/www.home7zones.eu\/en\/gallery\/\"]}]},{\"@type\":\"BreadcrumbList\",\"@id\":\"https:\/\/www.home7zones.eu\/en\/gallery\/#breadcrumb\",\"itemListElement\":[{\"@type\":\"ListItem\",\"position\":1,\"name\":\"Home 7 zones\",\"item\":\"https:\/\/www.home7zones.eu\/en\/\"},{\"@type\":\"ListItem\",\"position\":2,\"name\":\"Gallery\"}]},{\"@type\":\"WebSite\",\"@id\":\"https:\/\/www.home7zones.eu\/#website\",\"url\":\"https:\/\/www.home7zones.eu\/\",\"name\":\"Ruumide sisekujundus ja remont\",\"description\":\"T\u00e4ielik ruumilahendus: kujundus, ehitus- ja remondit\u00f6\u00f6d\",\"publisher\":{\"@id\":\"https:\/\/www.home7zones.eu\/#organization\"},\"potentialAction\":[{\"@type\":\"SearchAction\",\"target\":{\"@type\":\"EntryPoint\",\"urlTemplate\":\"https:\/\/www.home7zones.eu\/?s={search_term_string}\"},\"query-input\":{\"@type\":\"PropertyValueSpecification\",\"valueRequired\":true,\"valueName\":\"search_term_string\"}}],\"inLanguage\":\"en-US\"},{\"@type\":\"Organization\",\"@id\":\"https:\/\/www.home7zones.eu\/#organization\",\"name\":\"Ruumide sisekujundus ja remont\",\"url\":\"https:\/\/www.home7zones.eu\/\",\"logo\":{\"@type\":\"ImageObject\",\"inLanguage\":\"en-US\",\"@id\":\"https:\/\/www.home7zones.eu\/#\/schema\/logo\/image\/\",\"url\":\"https:\/\/home7zones.eu\/wp-content\/uploads\/2022\/08\/Home7zones-retina.png\",\"contentUrl\":\"https:\/\/home7zones.eu\/wp-content\/uploads\/2022\/08\/Home7zones-retina.png\",\"width\":370,\"height\":200,\"caption\":\"Ruumide sisekujundus ja remont\"},\"image\":{\"@id\":\"https:\/\/www.home7zones.eu\/#\/schema\/logo\/image\/\"},\"sameAs\":[\"https:\/\/www.facebook.com\/Home7zones.eu\/\"]}]}<\/script>\n<!-- \/ Yoast SEO plugin. -->","yoast_head_json":{"title":"Gallery - Ruumide sisekujundus ja remont","robots":{"index":"index","follow":"follow","max-snippet":"max-snippet:-1","max-image-preview":"max-image-preview:large","max-video-preview":"max-video-preview:-1"},"canonical":"https:\/\/www.home7zones.eu\/en\/gallery\/","og_locale":"en_US","og_type":"article","og_title":"Gallery - Ruumide sisekujundus ja remont","og_url":"https:\/\/www.home7zones.eu\/en\/gallery\/","og_site_name":"Ruumide sisekujundus ja remont","article_publisher":"https:\/\/www.facebook.com\/Home7zones.eu\/","article_modified_time":"2022-09-28T10:49:55+00:00","twitter_card":"summary_large_image","schema":{"@context":"https:\/\/schema.org","@graph":[{"@type":"WebPage","@id":"https:\/\/www.home7zones.eu\/en\/gallery\/","url":"https:\/\/www.home7zones.eu\/en\/gallery\/","name":"Gallery - Ruumide sisekujundus ja remont","isPartOf":{"@id":"https:\/\/www.home7zones.eu\/#website"},"datePublished":"2019-08-21T15:05:46+00:00","dateModified":"2022-09-28T10:49:55+00:00","breadcrumb":{"@id":"https:\/\/www.home7zones.eu\/en\/gallery\/#breadcrumb"},"inLanguage":"en-US","potentialAction":[{"@type":"ReadAction","target":["https:\/\/www.home7zones.eu\/en\/gallery\/"]}]},{"@type":"BreadcrumbList","@id":"https:\/\/www.home7zones.eu\/en\/gallery\/#breadcrumb","itemListElement":[{"@type":"ListItem","position":1,"name":"Home 7 zones","item":"https:\/\/www.home7zones.eu\/en\/"},{"@type":"ListItem","position":2,"name":"Gallery"}]},{"@type":"WebSite","@id":"https:\/\/www.home7zones.eu\/#website","url":"https:\/\/www.home7zones.eu\/","name":"Ruumide sisekujundus ja remont","description":"T\u00e4ielik ruumilahendus: kujundus, ehitus- ja remondit\u00f6\u00f6d","publisher":{"@id":"https:\/\/www.home7zones.eu\/#organization"},"potentialAction":[{"@type":"SearchAction","target":{"@type":"EntryPoint","urlTemplate":"https:\/\/www.home7zones.eu\/?s={search_term_string}"},"query-input":{"@type":"PropertyValueSpecification","valueRequired":true,"valueName":"search_term_string"}}],"inLanguage":"en-US"},{"@type":"Organization","@id":"https:\/\/www.home7zones.eu\/#organization","name":"Ruumide sisekujundus ja remont","url":"https:\/\/www.home7zones.eu\/","logo":{"@type":"ImageObject","inLanguage":"en-US","@id":"https:\/\/www.home7zones.eu\/#\/schema\/logo\/image\/","url":"https:\/\/home7zones.eu\/wp-content\/uploads\/2022\/08\/Home7zones-retina.png","contentUrl":"https:\/\/home7zones.eu\/wp-content\/uploads\/2022\/08\/Home7zones-retina.png","width":370,"height":200,"caption":"Ruumide sisekujundus ja remont"},"image":{"@id":"https:\/\/www.home7zones.eu\/#\/schema\/logo\/image\/"},"sameAs":["https:\/\/www.facebook.com\/Home7zones.eu\/"]}]}},"coauthors":[],"author_meta":{"author_link":"https:\/\/www.home7zones.eu\/en\/author\/home7zones\/","display_name":"Home7zones"},"relative_dates":{"created":"Posted 7 years ago","modified":"Updated 4 years ago"},"absolute_dates":{"created":"Posted on August 21, 2019","modified":"Updated on September 28, 2022"},"absolute_dates_time":{"created":"Posted on August 21, 2019 6:05 pm","modified":"Updated on September 28, 2022 1:49 pm"},"featured_img_caption":"","featured_img":false,"series_order":"","_links":{"self":[{"href":"https:\/\/www.home7zones.eu\/en\/wp-json\/wp\/v2\/pages\/18035","targetHints":{"allow":["GET"]}}],"collection":[{"href":"https:\/\/www.home7zones.eu\/en\/wp-json\/wp\/v2\/pages"}],"about":[{"href":"https:\/\/www.home7zones.eu\/en\/wp-json\/wp\/v2\/types\/page"}],"author":[{"embeddable":true,"href":"https:\/\/www.home7zones.eu\/en\/wp-json\/wp\/v2\/users\/1"}],"replies":[{"embeddable":true,"href":"https:\/\/www.home7zones.eu\/en\/wp-json\/wp\/v2\/comments?post=18035"}],"version-history":[{"count":2,"href":"https:\/\/www.home7zones.eu\/en\/wp-json\/wp\/v2\/pages\/18035\/revisions"}],"predecessor-version":[{"id":18731,"href":"https:\/\/www.home7zones.eu\/en\/wp-json\/wp\/v2\/pages\/18035\/revisions\/18731"}],"wp:attachment":[{"href":"https:\/\/www.home7zones.eu\/en\/wp-json\/wp\/v2\/media?parent=18035"}],"curies":[{"name":"wp","href":"https:\/\/api.w.org\/{rel}","templated":true}]}}