{"id":17833,"date":"2022-09-06T16:25:15","date_gmt":"2022-09-06T13:25:15","guid":{"rendered":"https:\/\/home7zones.eu\/%d0%b3%d1%80%d1%83%d0%b7%d0%be%d0%b2%d0%be%d0%b9-%d1%82%d1%80%d0%b0%d0%bd%d1%81%d0%bf%d0%be%d1%80%d1%82\/"},"modified":"2022-12-13T09:12:30","modified_gmt":"2022-12-13T07:12:30","slug":"%d0%b3%d1%80%d1%83%d0%b7%d0%be%d0%b2%d0%be%d0%b9-%d1%82%d1%80%d0%b0%d0%bd%d1%81%d0%bf%d0%be%d1%80%d1%82","status":"publish","type":"page","link":"https:\/\/www.home7zones.eu\/ru\/%d0%b3%d1%80%d1%83%d0%b7%d0%be%d0%b2%d0%be%d0%b9-%d1%82%d1%80%d0%b0%d0%bd%d1%81%d0%bf%d0%be%d1%80%d1%82\/","title":{"rendered":"\u0413\u0440\u0443\u0437\u043e\u0432\u043e\u0439 \u0442\u0440\u0430\u043d\u0441\u043f\u043e\u0440\u0442"},"content":{"rendered":"","protected":false},"excerpt":{"rendered":"","protected":false},"author":5,"featured_media":0,"parent":0,"menu_order":0,"comment_status":"closed","ping_status":"closed","template":"","meta":{"advgb_blocks_editor_width":"","advgb_blocks_columns_visual_guide":"","footnotes":""},"class_list":["post-17833","page","type-page","status-publish","hentry"],"yoast_head":"<!-- This site is optimized with the Yoast SEO plugin v24.5 - https:\/\/yoast.com\/wordpress\/plugins\/seo\/ -->\n<title>\u0413\u0440\u0443\u0437\u043e\u0432\u043e\u0439 \u0442\u0440\u0430\u043d\u0441\u043f\u043e\u0440\u0442 - Ruumide sisekujundus ja remont<\/title>\n<meta name=\"robots\" content=\"index, follow, max-snippet:-1, max-image-preview:large, max-video-preview:-1\" \/>\n<link rel=\"canonical\" href=\"https:\/\/www.home7zones.eu\/ru\/\u0433\u0440\u0443\u0437\u043e\u0432\u043e\u0439-\u0442\u0440\u0430\u043d\u0441\u043f\u043e\u0440\u0442\/\" \/>\n<meta property=\"og:locale\" content=\"ru_RU\" \/>\n<meta property=\"og:type\" content=\"article\" \/>\n<meta property=\"og:title\" content=\"\u0413\u0440\u0443\u0437\u043e\u0432\u043e\u0439 \u0442\u0440\u0430\u043d\u0441\u043f\u043e\u0440\u0442 - Ruumide sisekujundus ja remont\" \/>\n<meta property=\"og:url\" content=\"https:\/\/www.home7zones.eu\/ru\/\u0433\u0440\u0443\u0437\u043e\u0432\u043e\u0439-\u0442\u0440\u0430\u043d\u0441\u043f\u043e\u0440\u0442\/\" \/>\n<meta property=\"og:site_name\" content=\"Ruumide sisekujundus ja remont\" \/>\n<meta property=\"article:publisher\" content=\"https:\/\/www.facebook.com\/Home7zones.eu\/\" \/>\n<meta property=\"article:modified_time\" content=\"2022-12-13T07:12:30+00:00\" \/>\n<meta name=\"twitter:card\" content=\"summary_large_image\" \/>\n<script type=\"application\/ld+json\" class=\"yoast-schema-graph\">{\"@context\":\"https:\/\/schema.org\",\"@graph\":[{\"@type\":\"WebPage\",\"@id\":\"https:\/\/www.home7zones.eu\/ru\/%d0%b3%d1%80%d1%83%d0%b7%d0%be%d0%b2%d0%be%d0%b9-%d1%82%d1%80%d0%b0%d0%bd%d1%81%d0%bf%d0%be%d1%80%d1%82\/\",\"url\":\"https:\/\/www.home7zones.eu\/ru\/%d0%b3%d1%80%d1%83%d0%b7%d0%be%d0%b2%d0%be%d0%b9-%d1%82%d1%80%d0%b0%d0%bd%d1%81%d0%bf%d0%be%d1%80%d1%82\/\",\"name\":\"\u0413\u0440\u0443\u0437\u043e\u0432\u043e\u0439 \u0442\u0440\u0430\u043d\u0441\u043f\u043e\u0440\u0442 - Ruumide sisekujundus ja remont\",\"isPartOf\":{\"@id\":\"https:\/\/www.home7zones.eu\/#website\"},\"datePublished\":\"2022-09-06T13:25:15+00:00\",\"dateModified\":\"2022-12-13T07:12:30+00:00\",\"breadcrumb\":{\"@id\":\"https:\/\/www.home7zones.eu\/ru\/%d0%b3%d1%80%d1%83%d0%b7%d0%be%d0%b2%d0%be%d0%b9-%d1%82%d1%80%d0%b0%d0%bd%d1%81%d0%bf%d0%be%d1%80%d1%82\/#breadcrumb\"},\"inLanguage\":\"ru-RU\",\"potentialAction\":[{\"@type\":\"ReadAction\",\"target\":[\"https:\/\/www.home7zones.eu\/ru\/%d0%b3%d1%80%d1%83%d0%b7%d0%be%d0%b2%d0%be%d0%b9-%d1%82%d1%80%d0%b0%d0%bd%d1%81%d0%bf%d0%be%d1%80%d1%82\/\"]}]},{\"@type\":\"BreadcrumbList\",\"@id\":\"https:\/\/www.home7zones.eu\/ru\/%d0%b3%d1%80%d1%83%d0%b7%d0%be%d0%b2%d0%be%d0%b9-%d1%82%d1%80%d0%b0%d0%bd%d1%81%d0%bf%d0%be%d1%80%d1%82\/#breadcrumb\",\"itemListElement\":[{\"@type\":\"ListItem\",\"position\":1,\"name\":\"Home 7 zones\",\"item\":\"https:\/\/www.home7zones.eu\/ru\/\"},{\"@type\":\"ListItem\",\"position\":2,\"name\":\"\u0413\u0440\u0443\u0437\u043e\u0432\u043e\u0439 \u0442\u0440\u0430\u043d\u0441\u043f\u043e\u0440\u0442\"}]},{\"@type\":\"WebSite\",\"@id\":\"https:\/\/www.home7zones.eu\/#website\",\"url\":\"https:\/\/www.home7zones.eu\/\",\"name\":\"Ruumide sisekujundus ja remont\",\"description\":\"T\u00e4ielik ruumilahendus: kujundus, ehitus- ja remondit\u00f6\u00f6d\",\"publisher\":{\"@id\":\"https:\/\/www.home7zones.eu\/#organization\"},\"potentialAction\":[{\"@type\":\"SearchAction\",\"target\":{\"@type\":\"EntryPoint\",\"urlTemplate\":\"https:\/\/www.home7zones.eu\/?s={search_term_string}\"},\"query-input\":{\"@type\":\"PropertyValueSpecification\",\"valueRequired\":true,\"valueName\":\"search_term_string\"}}],\"inLanguage\":\"ru-RU\"},{\"@type\":\"Organization\",\"@id\":\"https:\/\/www.home7zones.eu\/#organization\",\"name\":\"Ruumide sisekujundus ja remont\",\"url\":\"https:\/\/www.home7zones.eu\/\",\"logo\":{\"@type\":\"ImageObject\",\"inLanguage\":\"ru-RU\",\"@id\":\"https:\/\/www.home7zones.eu\/#\/schema\/logo\/image\/\",\"url\":\"https:\/\/home7zones.eu\/wp-content\/uploads\/2022\/08\/Home7zones-retina.png\",\"contentUrl\":\"https:\/\/home7zones.eu\/wp-content\/uploads\/2022\/08\/Home7zones-retina.png\",\"width\":370,\"height\":200,\"caption\":\"Ruumide sisekujundus ja remont\"},\"image\":{\"@id\":\"https:\/\/www.home7zones.eu\/#\/schema\/logo\/image\/\"},\"sameAs\":[\"https:\/\/www.facebook.com\/Home7zones.eu\/\"]}]}<\/script>\n<!-- \/ Yoast SEO plugin. -->","yoast_head_json":{"title":"\u0413\u0440\u0443\u0437\u043e\u0432\u043e\u0439 \u0442\u0440\u0430\u043d\u0441\u043f\u043e\u0440\u0442 - Ruumide sisekujundus ja remont","robots":{"index":"index","follow":"follow","max-snippet":"max-snippet:-1","max-image-preview":"max-image-preview:large","max-video-preview":"max-video-preview:-1"},"canonical":"https:\/\/www.home7zones.eu\/ru\/\u0433\u0440\u0443\u0437\u043e\u0432\u043e\u0439-\u0442\u0440\u0430\u043d\u0441\u043f\u043e\u0440\u0442\/","og_locale":"ru_RU","og_type":"article","og_title":"\u0413\u0440\u0443\u0437\u043e\u0432\u043e\u0439 \u0442\u0440\u0430\u043d\u0441\u043f\u043e\u0440\u0442 - Ruumide sisekujundus ja remont","og_url":"https:\/\/www.home7zones.eu\/ru\/\u0433\u0440\u0443\u0437\u043e\u0432\u043e\u0439-\u0442\u0440\u0430\u043d\u0441\u043f\u043e\u0440\u0442\/","og_site_name":"Ruumide sisekujundus ja remont","article_publisher":"https:\/\/www.facebook.com\/Home7zones.eu\/","article_modified_time":"2022-12-13T07:12:30+00:00","twitter_card":"summary_large_image","schema":{"@context":"https:\/\/schema.org","@graph":[{"@type":"WebPage","@id":"https:\/\/www.home7zones.eu\/ru\/%d0%b3%d1%80%d1%83%d0%b7%d0%be%d0%b2%d0%be%d0%b9-%d1%82%d1%80%d0%b0%d0%bd%d1%81%d0%bf%d0%be%d1%80%d1%82\/","url":"https:\/\/www.home7zones.eu\/ru\/%d0%b3%d1%80%d1%83%d0%b7%d0%be%d0%b2%d0%be%d0%b9-%d1%82%d1%80%d0%b0%d0%bd%d1%81%d0%bf%d0%be%d1%80%d1%82\/","name":"\u0413\u0440\u0443\u0437\u043e\u0432\u043e\u0439 \u0442\u0440\u0430\u043d\u0441\u043f\u043e\u0440\u0442 - Ruumide sisekujundus ja remont","isPartOf":{"@id":"https:\/\/www.home7zones.eu\/#website"},"datePublished":"2022-09-06T13:25:15+00:00","dateModified":"2022-12-13T07:12:30+00:00","breadcrumb":{"@id":"https:\/\/www.home7zones.eu\/ru\/%d0%b3%d1%80%d1%83%d0%b7%d0%be%d0%b2%d0%be%d0%b9-%d1%82%d1%80%d0%b0%d0%bd%d1%81%d0%bf%d0%be%d1%80%d1%82\/#breadcrumb"},"inLanguage":"ru-RU","potentialAction":[{"@type":"ReadAction","target":["https:\/\/www.home7zones.eu\/ru\/%d0%b3%d1%80%d1%83%d0%b7%d0%be%d0%b2%d0%be%d0%b9-%d1%82%d1%80%d0%b0%d0%bd%d1%81%d0%bf%d0%be%d1%80%d1%82\/"]}]},{"@type":"BreadcrumbList","@id":"https:\/\/www.home7zones.eu\/ru\/%d0%b3%d1%80%d1%83%d0%b7%d0%be%d0%b2%d0%be%d0%b9-%d1%82%d1%80%d0%b0%d0%bd%d1%81%d0%bf%d0%be%d1%80%d1%82\/#breadcrumb","itemListElement":[{"@type":"ListItem","position":1,"name":"Home 7 zones","item":"https:\/\/www.home7zones.eu\/ru\/"},{"@type":"ListItem","position":2,"name":"\u0413\u0440\u0443\u0437\u043e\u0432\u043e\u0439 \u0442\u0440\u0430\u043d\u0441\u043f\u043e\u0440\u0442"}]},{"@type":"WebSite","@id":"https:\/\/www.home7zones.eu\/#website","url":"https:\/\/www.home7zones.eu\/","name":"Ruumide sisekujundus ja remont","description":"T\u00e4ielik ruumilahendus: kujundus, ehitus- ja remondit\u00f6\u00f6d","publisher":{"@id":"https:\/\/www.home7zones.eu\/#organization"},"potentialAction":[{"@type":"SearchAction","target":{"@type":"EntryPoint","urlTemplate":"https:\/\/www.home7zones.eu\/?s={search_term_string}"},"query-input":{"@type":"PropertyValueSpecification","valueRequired":true,"valueName":"search_term_string"}}],"inLanguage":"ru-RU"},{"@type":"Organization","@id":"https:\/\/www.home7zones.eu\/#organization","name":"Ruumide sisekujundus ja remont","url":"https:\/\/www.home7zones.eu\/","logo":{"@type":"ImageObject","inLanguage":"ru-RU","@id":"https:\/\/www.home7zones.eu\/#\/schema\/logo\/image\/","url":"https:\/\/home7zones.eu\/wp-content\/uploads\/2022\/08\/Home7zones-retina.png","contentUrl":"https:\/\/home7zones.eu\/wp-content\/uploads\/2022\/08\/Home7zones-retina.png","width":370,"height":200,"caption":"Ruumide sisekujundus ja remont"},"image":{"@id":"https:\/\/www.home7zones.eu\/#\/schema\/logo\/image\/"},"sameAs":["https:\/\/www.facebook.com\/Home7zones.eu\/"]}]}},"coauthors":[],"author_meta":{"author_link":"https:\/\/www.home7zones.eu\/ru\/author\/steve\/","display_name":"steve"},"relative_dates":{"created":"Posted 4 \u0433\u043e\u0434\u0430 ago","modified":"Updated 3 \u0433\u043e\u0434\u0430 ago"},"absolute_dates":{"created":"Posted on 6 \u0441\u0435\u043d\u0442\u044f\u0431\u0440\u044f, 2022","modified":"Updated on 13 \u0434\u0435\u043a\u0430\u0431\u0440\u044f, 2022"},"absolute_dates_time":{"created":"Posted on 6 \u0441\u0435\u043d\u0442\u044f\u0431\u0440\u044f, 2022 4:25 \u043f\u043f","modified":"Updated on 13 \u0434\u0435\u043a\u0430\u0431\u0440\u044f, 2022 9:12 \u0434\u043f"},"featured_img_caption":"","featured_img":false,"series_order":"","_links":{"self":[{"href":"https:\/\/www.home7zones.eu\/ru\/wp-json\/wp\/v2\/pages\/17833","targetHints":{"allow":["GET"]}}],"collection":[{"href":"https:\/\/www.home7zones.eu\/ru\/wp-json\/wp\/v2\/pages"}],"about":[{"href":"https:\/\/www.home7zones.eu\/ru\/wp-json\/wp\/v2\/types\/page"}],"author":[{"embeddable":true,"href":"https:\/\/www.home7zones.eu\/ru\/wp-json\/wp\/v2\/users\/5"}],"replies":[{"embeddable":true,"href":"https:\/\/www.home7zones.eu\/ru\/wp-json\/wp\/v2\/comments?post=17833"}],"version-history":[{"count":1,"href":"https:\/\/www.home7zones.eu\/ru\/wp-json\/wp\/v2\/pages\/17833\/revisions"}],"predecessor-version":[{"id":17834,"href":"https:\/\/www.home7zones.eu\/ru\/wp-json\/wp\/v2\/pages\/17833\/revisions\/17834"}],"wp:attachment":[{"href":"https:\/\/www.home7zones.eu\/ru\/wp-json\/wp\/v2\/media?parent=17833"}],"curies":[{"name":"wp","href":"https:\/\/api.w.org\/{rel}","templated":true}]}}