{"id":21030,"date":"2024-06-03T13:16:25","date_gmt":"2024-06-03T10:16:25","guid":{"rendered":"https:\/\/www.home7zones.eu\/%d0%ba%d0%b0%d1%82%d0%b0%d0%bb%d0%be%d0%b3%d0%b8-%d0%bf%d1%80%d0%be%d0%b4%d1%83%d0%ba%d1%86%d0%b8%d0%b8-deante\/"},"modified":"2024-06-03T13:16:25","modified_gmt":"2024-06-03T10:16:25","slug":"%d0%ba%d0%b0%d1%82%d0%b0%d0%bb%d0%be%d0%b3%d0%b8-%d0%bf%d1%80%d0%be%d0%b4%d1%83%d0%ba%d1%86%d0%b8%d0%b8-deante","status":"publish","type":"page","link":"https:\/\/www.home7zones.eu\/ru\/%d0%ba%d0%b0%d1%82%d0%b0%d0%bb%d0%be%d0%b3%d0%b8-%d0%bf%d1%80%d0%be%d0%b4%d1%83%d0%ba%d1%86%d0%b8%d0%b8-deante\/","title":{"rendered":"\u041a\u0430\u0442\u0430\u043b\u043e\u0433\u0438 \u043f\u0440\u043e\u0434\u0443\u043a\u0446\u0438\u0438 Deante"},"content":{"rendered":"","protected":false},"excerpt":{"rendered":"","protected":false},"author":5,"featured_media":0,"parent":0,"menu_order":0,"comment_status":"closed","ping_status":"closed","template":"","meta":{"advgb_blocks_editor_width":"","advgb_blocks_columns_visual_guide":"","footnotes":""},"class_list":["post-21030","page","type-page","status-publish","hentry"],"yoast_head":"<!-- This site is optimized with the Yoast SEO plugin v24.5 - https:\/\/yoast.com\/wordpress\/plugins\/seo\/ -->\n<title>\u041a\u0430\u0442\u0430\u043b\u043e\u0433\u0438 \u043f\u0440\u043e\u0434\u0443\u043a\u0446\u0438\u0438 Deante - Ruumide sisekujundus ja remont<\/title>\n<meta name=\"robots\" content=\"index, follow, max-snippet:-1, max-image-preview:large, max-video-preview:-1\" \/>\n<link rel=\"canonical\" href=\"https:\/\/www.home7zones.eu\/\u043a\u0430\u0442\u0430\u043b\u043e\u0433\u0438-\u043f\u0440\u043e\u0434\u0443\u043a\u0446\u0438\u0438-deante\/\" \/>\n<meta property=\"og:locale\" content=\"ru_RU\" \/>\n<meta property=\"og:type\" content=\"article\" \/>\n<meta property=\"og:title\" content=\"\u041a\u0430\u0442\u0430\u043b\u043e\u0433\u0438 \u043f\u0440\u043e\u0434\u0443\u043a\u0446\u0438\u0438 Deante - Ruumide sisekujundus ja remont\" \/>\n<meta property=\"og:url\" content=\"https:\/\/www.home7zones.eu\/\u043a\u0430\u0442\u0430\u043b\u043e\u0433\u0438-\u043f\u0440\u043e\u0434\u0443\u043a\u0446\u0438\u0438-deante\/\" \/>\n<meta property=\"og:site_name\" content=\"Ruumide sisekujundus ja remont\" \/>\n<meta property=\"article:publisher\" content=\"https:\/\/www.facebook.com\/Home7zones.eu\/\" \/>\n<meta name=\"twitter:card\" content=\"summary_large_image\" \/>\n<script type=\"application\/ld+json\" class=\"yoast-schema-graph\">{\"@context\":\"https:\/\/schema.org\",\"@graph\":[{\"@type\":\"WebPage\",\"@id\":\"https:\/\/www.home7zones.eu\/%d0%ba%d0%b0%d1%82%d0%b0%d0%bb%d0%be%d0%b3%d0%b8-%d0%bf%d1%80%d0%be%d0%b4%d1%83%d0%ba%d1%86%d0%b8%d0%b8-deante\/\",\"url\":\"https:\/\/www.home7zones.eu\/%d0%ba%d0%b0%d1%82%d0%b0%d0%bb%d0%be%d0%b3%d0%b8-%d0%bf%d1%80%d0%be%d0%b4%d1%83%d0%ba%d1%86%d0%b8%d0%b8-deante\/\",\"name\":\"\u041a\u0430\u0442\u0430\u043b\u043e\u0433\u0438 \u043f\u0440\u043e\u0434\u0443\u043a\u0446\u0438\u0438 Deante - Ruumide sisekujundus ja remont\",\"isPartOf\":{\"@id\":\"https:\/\/www.home7zones.eu\/#website\"},\"datePublished\":\"2024-06-03T10:16:25+00:00\",\"breadcrumb\":{\"@id\":\"https:\/\/www.home7zones.eu\/%d0%ba%d0%b0%d1%82%d0%b0%d0%bb%d0%be%d0%b3%d0%b8-%d0%bf%d1%80%d0%be%d0%b4%d1%83%d0%ba%d1%86%d0%b8%d0%b8-deante\/#breadcrumb\"},\"inLanguage\":\"ru-RU\",\"potentialAction\":[{\"@type\":\"ReadAction\",\"target\":[\"https:\/\/www.home7zones.eu\/%d0%ba%d0%b0%d1%82%d0%b0%d0%bb%d0%be%d0%b3%d0%b8-%d0%bf%d1%80%d0%be%d0%b4%d1%83%d0%ba%d1%86%d0%b8%d0%b8-deante\/\"]}]},{\"@type\":\"BreadcrumbList\",\"@id\":\"https:\/\/www.home7zones.eu\/%d0%ba%d0%b0%d1%82%d0%b0%d0%bb%d0%be%d0%b3%d0%b8-%d0%bf%d1%80%d0%be%d0%b4%d1%83%d0%ba%d1%86%d0%b8%d0%b8-deante\/#breadcrumb\",\"itemListElement\":[{\"@type\":\"ListItem\",\"position\":1,\"name\":\"Home 7 zones\",\"item\":\"https:\/\/www.home7zones.eu\/ru\/\"},{\"@type\":\"ListItem\",\"position\":2,\"name\":\"\u041a\u0430\u0442\u0430\u043b\u043e\u0433\u0438 \u043f\u0440\u043e\u0434\u0443\u043a\u0446\u0438\u0438 Deante\"}]},{\"@type\":\"WebSite\",\"@id\":\"https:\/\/www.home7zones.eu\/#website\",\"url\":\"https:\/\/www.home7zones.eu\/\",\"name\":\"Ruumide sisekujundus ja remont\",\"description\":\"T\u00e4ielik ruumilahendus: kujundus, ehitus- ja remondit\u00f6\u00f6d\",\"publisher\":{\"@id\":\"https:\/\/www.home7zones.eu\/#organization\"},\"potentialAction\":[{\"@type\":\"SearchAction\",\"target\":{\"@type\":\"EntryPoint\",\"urlTemplate\":\"https:\/\/www.home7zones.eu\/?s={search_term_string}\"},\"query-input\":{\"@type\":\"PropertyValueSpecification\",\"valueRequired\":true,\"valueName\":\"search_term_string\"}}],\"inLanguage\":\"ru-RU\"},{\"@type\":\"Organization\",\"@id\":\"https:\/\/www.home7zones.eu\/#organization\",\"name\":\"Ruumide sisekujundus ja remont\",\"url\":\"https:\/\/www.home7zones.eu\/\",\"logo\":{\"@type\":\"ImageObject\",\"inLanguage\":\"ru-RU\",\"@id\":\"https:\/\/www.home7zones.eu\/#\/schema\/logo\/image\/\",\"url\":\"https:\/\/home7zones.eu\/wp-content\/uploads\/2022\/08\/Home7zones-retina.png\",\"contentUrl\":\"https:\/\/home7zones.eu\/wp-content\/uploads\/2022\/08\/Home7zones-retina.png\",\"width\":370,\"height\":200,\"caption\":\"Ruumide sisekujundus ja remont\"},\"image\":{\"@id\":\"https:\/\/www.home7zones.eu\/#\/schema\/logo\/image\/\"},\"sameAs\":[\"https:\/\/www.facebook.com\/Home7zones.eu\/\"]}]}<\/script>\n<!-- \/ Yoast SEO plugin. -->","yoast_head_json":{"title":"\u041a\u0430\u0442\u0430\u043b\u043e\u0433\u0438 \u043f\u0440\u043e\u0434\u0443\u043a\u0446\u0438\u0438 Deante - Ruumide sisekujundus ja remont","robots":{"index":"index","follow":"follow","max-snippet":"max-snippet:-1","max-image-preview":"max-image-preview:large","max-video-preview":"max-video-preview:-1"},"canonical":"https:\/\/www.home7zones.eu\/\u043a\u0430\u0442\u0430\u043b\u043e\u0433\u0438-\u043f\u0440\u043e\u0434\u0443\u043a\u0446\u0438\u0438-deante\/","og_locale":"ru_RU","og_type":"article","og_title":"\u041a\u0430\u0442\u0430\u043b\u043e\u0433\u0438 \u043f\u0440\u043e\u0434\u0443\u043a\u0446\u0438\u0438 Deante - Ruumide sisekujundus ja remont","og_url":"https:\/\/www.home7zones.eu\/\u043a\u0430\u0442\u0430\u043b\u043e\u0433\u0438-\u043f\u0440\u043e\u0434\u0443\u043a\u0446\u0438\u0438-deante\/","og_site_name":"Ruumide sisekujundus ja remont","article_publisher":"https:\/\/www.facebook.com\/Home7zones.eu\/","twitter_card":"summary_large_image","schema":{"@context":"https:\/\/schema.org","@graph":[{"@type":"WebPage","@id":"https:\/\/www.home7zones.eu\/%d0%ba%d0%b0%d1%82%d0%b0%d0%bb%d0%be%d0%b3%d0%b8-%d0%bf%d1%80%d0%be%d0%b4%d1%83%d0%ba%d1%86%d0%b8%d0%b8-deante\/","url":"https:\/\/www.home7zones.eu\/%d0%ba%d0%b0%d1%82%d0%b0%d0%bb%d0%be%d0%b3%d0%b8-%d0%bf%d1%80%d0%be%d0%b4%d1%83%d0%ba%d1%86%d0%b8%d0%b8-deante\/","name":"\u041a\u0430\u0442\u0430\u043b\u043e\u0433\u0438 \u043f\u0440\u043e\u0434\u0443\u043a\u0446\u0438\u0438 Deante - Ruumide sisekujundus ja remont","isPartOf":{"@id":"https:\/\/www.home7zones.eu\/#website"},"datePublished":"2024-06-03T10:16:25+00:00","breadcrumb":{"@id":"https:\/\/www.home7zones.eu\/%d0%ba%d0%b0%d1%82%d0%b0%d0%bb%d0%be%d0%b3%d0%b8-%d0%bf%d1%80%d0%be%d0%b4%d1%83%d0%ba%d1%86%d0%b8%d0%b8-deante\/#breadcrumb"},"inLanguage":"ru-RU","potentialAction":[{"@type":"ReadAction","target":["https:\/\/www.home7zones.eu\/%d0%ba%d0%b0%d1%82%d0%b0%d0%bb%d0%be%d0%b3%d0%b8-%d0%bf%d1%80%d0%be%d0%b4%d1%83%d0%ba%d1%86%d0%b8%d0%b8-deante\/"]}]},{"@type":"BreadcrumbList","@id":"https:\/\/www.home7zones.eu\/%d0%ba%d0%b0%d1%82%d0%b0%d0%bb%d0%be%d0%b3%d0%b8-%d0%bf%d1%80%d0%be%d0%b4%d1%83%d0%ba%d1%86%d0%b8%d0%b8-deante\/#breadcrumb","itemListElement":[{"@type":"ListItem","position":1,"name":"Home 7 zones","item":"https:\/\/www.home7zones.eu\/ru\/"},{"@type":"ListItem","position":2,"name":"\u041a\u0430\u0442\u0430\u043b\u043e\u0433\u0438 \u043f\u0440\u043e\u0434\u0443\u043a\u0446\u0438\u0438 Deante"}]},{"@type":"WebSite","@id":"https:\/\/www.home7zones.eu\/#website","url":"https:\/\/www.home7zones.eu\/","name":"Ruumide sisekujundus ja remont","description":"T\u00e4ielik ruumilahendus: kujundus, ehitus- ja remondit\u00f6\u00f6d","publisher":{"@id":"https:\/\/www.home7zones.eu\/#organization"},"potentialAction":[{"@type":"SearchAction","target":{"@type":"EntryPoint","urlTemplate":"https:\/\/www.home7zones.eu\/?s={search_term_string}"},"query-input":{"@type":"PropertyValueSpecification","valueRequired":true,"valueName":"search_term_string"}}],"inLanguage":"ru-RU"},{"@type":"Organization","@id":"https:\/\/www.home7zones.eu\/#organization","name":"Ruumide sisekujundus ja remont","url":"https:\/\/www.home7zones.eu\/","logo":{"@type":"ImageObject","inLanguage":"ru-RU","@id":"https:\/\/www.home7zones.eu\/#\/schema\/logo\/image\/","url":"https:\/\/home7zones.eu\/wp-content\/uploads\/2022\/08\/Home7zones-retina.png","contentUrl":"https:\/\/home7zones.eu\/wp-content\/uploads\/2022\/08\/Home7zones-retina.png","width":370,"height":200,"caption":"Ruumide sisekujundus ja remont"},"image":{"@id":"https:\/\/www.home7zones.eu\/#\/schema\/logo\/image\/"},"sameAs":["https:\/\/www.facebook.com\/Home7zones.eu\/"]}]}},"coauthors":[],"author_meta":{"author_link":"https:\/\/www.home7zones.eu\/ru\/author\/steve\/","display_name":"steve"},"relative_dates":{"created":"Posted 2 \u0433\u043e\u0434\u0430 ago","modified":"Updated 2 \u0433\u043e\u0434\u0430 ago"},"absolute_dates":{"created":"Posted on 3 \u0438\u044e\u043d\u044f, 2024","modified":"Updated on 3 \u0438\u044e\u043d\u044f, 2024"},"absolute_dates_time":{"created":"Posted on 3 \u0438\u044e\u043d\u044f, 2024 1:16 \u043f\u043f","modified":"Updated on 3 \u0438\u044e\u043d\u044f, 2024 1:16 \u043f\u043f"},"featured_img_caption":"","featured_img":false,"series_order":"","_links":{"self":[{"href":"https:\/\/www.home7zones.eu\/ru\/wp-json\/wp\/v2\/pages\/21030","targetHints":{"allow":["GET"]}}],"collection":[{"href":"https:\/\/www.home7zones.eu\/ru\/wp-json\/wp\/v2\/pages"}],"about":[{"href":"https:\/\/www.home7zones.eu\/ru\/wp-json\/wp\/v2\/types\/page"}],"author":[{"embeddable":true,"href":"https:\/\/www.home7zones.eu\/ru\/wp-json\/wp\/v2\/users\/5"}],"replies":[{"embeddable":true,"href":"https:\/\/www.home7zones.eu\/ru\/wp-json\/wp\/v2\/comments?post=21030"}],"version-history":[{"count":0,"href":"https:\/\/www.home7zones.eu\/ru\/wp-json\/wp\/v2\/pages\/21030\/revisions"}],"wp:attachment":[{"href":"https:\/\/www.home7zones.eu\/ru\/wp-json\/wp\/v2\/media?parent=21030"}],"curies":[{"name":"wp","href":"https:\/\/api.w.org\/{rel}","templated":true}]}}